{"id":23,"date":"2019-07-19T07:00:59","date_gmt":"2019-07-19T04:00:59","guid":{"rendered":"https:\/\/protermenerji.com\/?page_id=23"},"modified":"2019-07-22T10:20:47","modified_gmt":"2019-07-22T07:20:47","slug":"kalite-belgelerimiz","status":"publish","type":"page","link":"https:\/\/protermenerji.com\/?page_id=23","title":{"rendered":"Kalite Belgelerimiz"},"content":{"rendered":"\n<p>Firmam\u0131z, i\u015f\u00e7i sa\u011fl\u0131\u011f\u0131 ve i\u015f g\u00fcvenli\u011fi alan\u0131nda faaliyet g\u00f6stermekte olan AB \u00fcyesi bir firma ile \u00e7al\u0131\u015fmalar\u0131n\u0131n sonucunda ISO 9001:2008 Kalite Sistem Belgesi ve OHSAS 18001:2007 \u0130\u015f G\u00fcvenli\u011fi ve \u00c7al\u0131\u015fan Sa\u011fl\u0131\u011f\u0131 Sistem Belgelerini almaya hak kazanm\u0131\u015ft\u0131r.<\/p>\n\n\n\n<h2 class=\"wp-block-heading\"><strong>ISO 9001 KAL\u0130TE Y\u00d6NET\u0130M S\u0130STEM\u0130<\/strong><\/h2>\n\n\n\n<ul class=\"wp-block-gallery columns-3 is-cropped wp-block-gallery-1 is-layout-flex wp-block-gallery-is-layout-flex\"><li class=\"blocks-gallery-item\"><figure><img loading=\"lazy\" decoding=\"async\" width=\"212\" height=\"300\" src=\"https:\/\/protermenerji.com\/wp-content\/uploads\/2019\/07\/PROTERM-9001-DAKKS-1-212x300.jpg\" alt=\"\" data-id=\"145\" data-link=\"https:\/\/protermenerji.com\/kalite-belgelerimiz\/proterm-9001-dakks-1-212x300\/\" class=\"wp-image-145\"\/><\/figure><\/li><li class=\"blocks-gallery-item\"><figure><img loading=\"lazy\" decoding=\"async\" width=\"212\" height=\"300\" src=\"https:\/\/protermenerji.com\/wp-content\/uploads\/2019\/07\/PROTERM-9001-DAKKS-2-212x300.jpg\" alt=\"\" data-id=\"146\" data-link=\"https:\/\/protermenerji.com\/kalite-belgelerimiz\/proterm-9001-dakks-2-212x300\/\" class=\"wp-image-146\"\/><\/figure><\/li><li class=\"blocks-gallery-item\"><figure><img loading=\"lazy\" decoding=\"async\" width=\"212\" height=\"300\" src=\"https:\/\/protermenerji.com\/wp-content\/uploads\/2019\/07\/PROTERM-9001-DAKKS-3-212x300.jpg\" alt=\"\" data-id=\"147\" data-link=\"https:\/\/protermenerji.com\/kalite-belgelerimiz\/proterm-9001-dakks-3-212x300\/\" class=\"wp-image-147\"\/><\/figure><\/li><li class=\"blocks-gallery-item\"><figure><img loading=\"lazy\" decoding=\"async\" width=\"212\" height=\"300\" src=\"https:\/\/protermenerji.com\/wp-content\/uploads\/2019\/07\/PROTERM-9001-DAKKS-4-212x300.jpg\" alt=\"\" data-id=\"148\" data-link=\"https:\/\/protermenerji.com\/kalite-belgelerimiz\/proterm-9001-dakks-4-212x300\/\" class=\"wp-image-148\"\/><\/figure><\/li><li class=\"blocks-gallery-item\"><figure><img loading=\"lazy\" decoding=\"async\" width=\"212\" height=\"300\" src=\"https:\/\/protermenerji.com\/wp-content\/uploads\/2019\/07\/PROTERM-9001-TU\u0308RKAK-1-212x300.jpg\" alt=\"\" data-id=\"149\" data-link=\"https:\/\/protermenerji.com\/kalite-belgelerimiz\/proterm-9001-tu%cc%88rkak-1-212x300\/\" class=\"wp-image-149\"\/><\/figure><\/li><li class=\"blocks-gallery-item\"><figure><img loading=\"lazy\" decoding=\"async\" width=\"212\" height=\"300\" src=\"https:\/\/protermenerji.com\/wp-content\/uploads\/2019\/07\/PROTERM-9001-TU\u0308RKAK-2-212x300.jpg\" alt=\"\" data-id=\"150\" data-link=\"https:\/\/protermenerji.com\/kalite-belgelerimiz\/proterm-9001-tu%cc%88rkak-2-212x300\/\" class=\"wp-image-150\"\/><\/figure><\/li><li class=\"blocks-gallery-item\"><figure><img loading=\"lazy\" decoding=\"async\" width=\"212\" height=\"300\" src=\"https:\/\/protermenerji.com\/wp-content\/uploads\/2019\/07\/PROTERM-9001-TU\u0308RKAK-3-212x300.jpg\" alt=\"\" data-id=\"151\" data-link=\"https:\/\/protermenerji.com\/kalite-belgelerimiz\/proterm-9001-tu%cc%88rkak-3-212x300\/\" class=\"wp-image-151\"\/><\/figure><\/li><li class=\"blocks-gallery-item\"><figure><img loading=\"lazy\" decoding=\"async\" width=\"212\" height=\"300\" src=\"https:\/\/protermenerji.com\/wp-content\/uploads\/2019\/07\/PROTERM-9001-TU\u0308RKAK-4-212x300.jpg\" alt=\"\" data-id=\"152\" data-link=\"https:\/\/protermenerji.com\/kalite-belgelerimiz\/proterm-9001-tu%cc%88rkak-4-212x300\/\" class=\"wp-image-152\"\/><\/figure><\/li><\/ul>\n\n\n\n<h2 class=\"wp-block-heading\"><strong>OHSAS 18001 \u0130\u015e SA\u011eLI\u011eI VE G\u00dcVENL\u0130\u011e\u0130 Y\u00d6NET\u0130M S\u0130STEM\u0130<\/strong><\/h2>\n\n\n\n<ul class=\"wp-block-gallery columns-2 is-cropped wp-block-gallery-2 is-layout-flex wp-block-gallery-is-layout-flex\"><li class=\"blocks-gallery-item\"><figure><img loading=\"lazy\" decoding=\"async\" width=\"212\" height=\"300\" src=\"https:\/\/protermenerji.com\/wp-content\/uploads\/2019\/07\/PROTERM-18001-1-212x300.jpg\" alt=\"\" data-id=\"155\" data-link=\"https:\/\/protermenerji.com\/kurumsal\/kalite-belgelerimiz\/proterm-18001-1-212x300\/\" class=\"wp-image-155\"\/><\/figure><\/li><li class=\"blocks-gallery-item\"><figure><img loading=\"lazy\" decoding=\"async\" width=\"212\" height=\"300\" src=\"https:\/\/protermenerji.com\/wp-content\/uploads\/2019\/07\/PROTERM-18001-2-212x300.jpg\" alt=\"\" data-id=\"156\" data-link=\"https:\/\/protermenerji.com\/kurumsal\/kalite-belgelerimiz\/proterm-18001-2-212x300\/\" class=\"wp-image-156\"\/><\/figure><\/li><li class=\"blocks-gallery-item\"><figure><img loading=\"lazy\" decoding=\"async\" width=\"212\" height=\"300\" src=\"https:\/\/protermenerji.com\/wp-content\/uploads\/2019\/07\/PROTERM-18001-3-212x300.jpg\" alt=\"\" data-id=\"157\" data-link=\"https:\/\/protermenerji.com\/kurumsal\/kalite-belgelerimiz\/proterm-18001-3-212x300\/\" class=\"wp-image-157\"\/><\/figure><\/li><li class=\"blocks-gallery-item\"><figure><img loading=\"lazy\" decoding=\"async\" width=\"212\" height=\"300\" src=\"https:\/\/protermenerji.com\/wp-content\/uploads\/2019\/07\/PROTERM-18001-4-212x300.jpg\" alt=\"\" data-id=\"158\" data-link=\"https:\/\/protermenerji.com\/kurumsal\/kalite-belgelerimiz\/proterm-18001-4-212x300\/\" class=\"wp-image-158\"\/><\/figure><\/li><\/ul>\n","protected":false},"excerpt":{"rendered":"Firmam\u0131z, i\u015f\u00e7i sa\u011fl\u0131\u011f\u0131 ve i\u015f g\u00fcvenli\u011fi alan\u0131nda faaliyet g\u00f6stermekte olan AB \u00fcyesi bir firma ile \u00e7al\u0131\u015fmalar\u0131n\u0131n sonucunda ISO 9001:2008 Kalite&hellip;","protected":false},"author":1,"featured_media":127,"parent":129,"menu_order":0,"comment_status":"closed","ping_status":"closed","template":"","meta":{"_acf_changed":false,"footnotes":""},"class_list":["post-23","page","type-page","status-publish","has-post-thumbnail","hentry"],"acf":[],"_links":{"self":[{"href":"https:\/\/protermenerji.com\/index.php?rest_route=\/wp\/v2\/pages\/23","targetHints":{"allow":["GET"]}}],"collection":[{"href":"https:\/\/protermenerji.com\/index.php?rest_route=\/wp\/v2\/pages"}],"about":[{"href":"https:\/\/protermenerji.com\/index.php?rest_route=\/wp\/v2\/types\/page"}],"author":[{"embeddable":true,"href":"https:\/\/protermenerji.com\/index.php?rest_route=\/wp\/v2\/users\/1"}],"replies":[{"embeddable":true,"href":"https:\/\/protermenerji.com\/index.php?rest_route=%2Fwp%2Fv2%2Fcomments&post=23"}],"version-history":[{"count":4,"href":"https:\/\/protermenerji.com\/index.php?rest_route=\/wp\/v2\/pages\/23\/revisions"}],"predecessor-version":[{"id":159,"href":"https:\/\/protermenerji.com\/index.php?rest_route=\/wp\/v2\/pages\/23\/revisions\/159"}],"up":[{"embeddable":true,"href":"https:\/\/protermenerji.com\/index.php?rest_route=\/wp\/v2\/pages\/129"}],"wp:featuredmedia":[{"embeddable":true,"href":"https:\/\/protermenerji.com\/index.php?rest_route=\/wp\/v2\/media\/127"}],"wp:attachment":[{"href":"https:\/\/protermenerji.com\/index.php?rest_route=%2Fwp%2Fv2%2Fmedia&parent=23"}],"curies":[{"name":"wp","href":"https:\/\/api.w.org\/{rel}","templated":true}]}}