{"id":21,"date":"2019-07-19T07:00:38","date_gmt":"2019-07-19T04:00:38","guid":{"rendered":"https:\/\/protermenerji.com\/?page_id=21"},"modified":"2019-07-20T10:20:07","modified_gmt":"2019-07-20T07:20:07","slug":"kalite-politikamiz","status":"publish","type":"page","link":"https:\/\/protermenerji.com\/?page_id=21","title":{"rendered":"Kalite Politikam\u0131z"},"content":{"rendered":"\n<p><strong>PROTERM<\/strong><strong>&nbsp;ENERJ<\/strong><strong>\u0130<\/strong>&nbsp;olarak bizler,<\/p>\n\n\n\n<p>Enerji sekt\u00f6r\u00fcne y\u00f6nelik Bak\u0131m, Onar\u0131m ve Montaj hizmetlerini sunarken,<\/p>\n\n\n\n<p>Savunma Sanayine y\u00f6nelik imalatlar\u0131m\u0131z\u0131 ger\u00e7ekle\u015ftirirken,<\/p>\n\n\n\n<p>M\u00fc\u015fterilerimizin ve ilgili taraflar\u0131m\u0131z\u0131n beklentilerini fazlas\u0131yla kar\u015f\u0131lamay\u0131,<\/p>\n\n\n\n<p>\u0130\u015f Sa\u011fl\u0131\u011f\u0131 ve G\u00fcvenli\u011fini birincil derecede \u00f6nemsemeyi ve<\/p>\n\n\n\n<p>Enerji sekt\u00f6r\u00fcnde, Savunma Sanayi\u2019nde T\u00fcrkiye\u2019 nin \u00f6nde gelen bir kurulu\u015fu olmay\u0131 hedefliyoruz.<\/p>\n\n\n\n<p>Bu hedefe ula\u015fmak i\u00e7in a\u015fa\u011f\u0131daki politikalar\u0131 yerine getirmeyi taahh\u00fct ederiz.<\/p>\n\n\n\n<p><strong>PROTERM ENERJ\u0130\u2019nin Kalite Politikas\u0131<\/strong><\/p>\n\n\n\n<ul class=\"wp-block-list\"><li>Sistemimizi Kalite Y\u00f6netim Sistemi Standartlar\u0131 \u015fartlar\u0131na uygun olarak y\u00fcr\u00fctmek ve s\u00fcrekli geli\u015ftirmek,<\/li><li>\u00dcretim ve Hizmetlerimizde Yasal ve di\u011fer \u015fartlara uygun hareket etmek,<\/li><li>Sundu\u011fumuz \u00dcretim ve Hizmetin kalitesini en y\u00fcksek seviyeye ula\u015ft\u0131rmak ve m\u00fc\u015fteri memnuniyetini ilgili taraflar\u0131n memnuniyetini s\u00fcrekli art\u0131rmak,<\/li><li>\u00c7al\u0131\u015fanlar\u0131m\u0131z\u0131n ki\u015fisel bilgi ve becerilerini zenginle\u015ftirmek,<\/li><li>Bilimsel ara\u015ft\u0131rmalar\u0131 ve teknolojik geli\u015fmeleri s\u00fcrekli takip ederek, y\u00f6ntem ve metotlar\u0131m\u0131z\u0131 s\u00fcrekli geli\u015ftirmek ve iyile\u015ftirmek,<\/li><li>\u015eirketimizi yurt i\u00e7inde ve yurt d\u0131\u015f\u0131nda lider bir konuma ula\u015ft\u0131rmak,<\/li><li>\u0130\u015f ahlak\u0131 ve meslek ilkelerine her zaman ba\u011fl\u0131 kalmakt\u0131r.<\/li><\/ul>\n\n\n\n<p><strong>PROTERM ENERJ\u0130\u2019nin \u0130\u015f Sa\u011fl\u0131\u011f\u0131 ve G\u00fcvenli\u011fi Politikas\u0131<\/strong><\/p>\n\n\n\n<ul class=\"wp-block-list\"><li>Sistemimizi \u0130\u015f Sa\u011fl\u0131\u011f\u0131 ve G\u00fcvenli\u011fi Y\u00f6netim Sistemi Standart \u015fartlar\u0131na uygun olarak y\u00fcr\u00fctmek ve s\u00fcrekli geli\u015ftirmek.<\/li><li>Y\u00fcr\u00fcrl\u00fckteki yasal ve di\u011fer \u015fartlara uymak ve s\u00fcrekli iyile\u015ftirmek,<\/li><li>Her ko\u015fulda i\u015f sa\u011fl\u0131\u011f\u0131n\u0131 ve g\u00fcvenli\u011fini birincil derecede \u00f6nemli tutmak, olaylar\u0131n (kazalar\u0131n, yaralanmalar\u0131n, vb.) ve meslek hastal\u0131klar\u0131ndan korunmak i\u00e7in g\u00fcvenli ve sa\u011fl\u0131kl\u0131 bir i\u015f alan\u0131 yaratmak,<\/li><li>Tehlikelerin yok edilmesi ve \u0130SG Risklerinin azalt\u0131lmas\u0131 i\u00e7in y\u00fcklenicilerimize, ta\u015feronlar\u0131m\u0131za, \u00e7al\u0131\u015fanlar\u0131m\u0131za, \u00e7al\u0131\u015fan temsilcilerimizin kat\u0131l\u0131m\u0131 ve dan\u0131\u015fmalar\u0131 i\u00e7in \u00fcst y\u00f6netim olarak destek vermek ve ilgili taraflar\u0131n e\u011fitimleri ile s\u00fcrekli iyile\u015ftirmeyi sa\u011flamak,<\/li><li>\u0130\u015f sa\u011fl\u0131\u011f\u0131 ve g\u00fcvenli\u011fi sistemimizin uluslararas\u0131 standartlar d\u00fczeyinde s\u00fcrd\u00fcr\u00fclmesini sa\u011flamak ve s\u0131f\u0131r i\u015f kazas\u0131 ve s\u0131f\u0131r meslek hastal\u0131\u011f\u0131 hedefine ula\u015fmak.<\/li><li>\u0130\u015f sa\u011fl\u0131\u011f\u0131 ve g\u00fcvenli\u011fi alan\u0131ndaki teknolojik geli\u015fmeleri yak\u0131ndan takip etmek ve b\u00fcnyemize uyarlamak.<\/li><\/ul>\n","protected":false},"excerpt":{"rendered":"PROTERM&nbsp;ENERJ\u0130&nbsp;olarak bizler, Enerji sekt\u00f6r\u00fcne y\u00f6nelik Bak\u0131m, Onar\u0131m ve Montaj hizmetlerini sunarken, Savunma Sanayine y\u00f6nelik imalatlar\u0131m\u0131z\u0131 ger\u00e7ekle\u015ftirirken, M\u00fc\u015fterilerimizin ve ilgili taraflar\u0131m\u0131z\u0131n&hellip;","protected":false},"author":1,"featured_media":127,"parent":129,"menu_order":0,"comment_status":"closed","ping_status":"closed","template":"","meta":{"_acf_changed":false,"footnotes":""},"class_list":["post-21","page","type-page","status-publish","has-post-thumbnail","hentry"],"acf":[],"_links":{"self":[{"href":"https:\/\/protermenerji.com\/index.php?rest_route=\/wp\/v2\/pages\/21","targetHints":{"allow":["GET"]}}],"collection":[{"href":"https:\/\/protermenerji.com\/index.php?rest_route=\/wp\/v2\/pages"}],"about":[{"href":"https:\/\/protermenerji.com\/index.php?rest_route=\/wp\/v2\/types\/page"}],"author":[{"embeddable":true,"href":"https:\/\/protermenerji.com\/index.php?rest_route=\/wp\/v2\/users\/1"}],"replies":[{"embeddable":true,"href":"https:\/\/protermenerji.com\/index.php?rest_route=%2Fwp%2Fv2%2Fcomments&post=21"}],"version-history":[{"count":2,"href":"https:\/\/protermenerji.com\/index.php?rest_route=\/wp\/v2\/pages\/21\/revisions"}],"predecessor-version":[{"id":143,"href":"https:\/\/protermenerji.com\/index.php?rest_route=\/wp\/v2\/pages\/21\/revisions\/143"}],"up":[{"embeddable":true,"href":"https:\/\/protermenerji.com\/index.php?rest_route=\/wp\/v2\/pages\/129"}],"wp:featuredmedia":[{"embeddable":true,"href":"https:\/\/protermenerji.com\/index.php?rest_route=\/wp\/v2\/media\/127"}],"wp:attachment":[{"href":"https:\/\/protermenerji.com\/index.php?rest_route=%2Fwp%2Fv2%2Fmedia&parent=21"}],"curies":[{"name":"wp","href":"https:\/\/api.w.org\/{rel}","templated":true}]}}