{"id":19,"date":"2019-07-19T07:00:14","date_gmt":"2019-07-19T04:00:14","guid":{"rendered":"https:\/\/protermenerji.com\/?page_id=19"},"modified":"2019-07-20T08:04:10","modified_gmt":"2019-07-20T05:04:10","slug":"hakkimizda","status":"publish","type":"page","link":"https:\/\/protermenerji.com\/?page_id=19","title":{"rendered":"Hakk\u0131m\u0131zda"},"content":{"rendered":"\n<p>Proterm Enerji, 1981-2002 y\u0131llar\u0131 aras\u0131nda T\u00fcrkiye Elektrik Kurumu\u2019nda ve daha sonra kurumun ayr\u0131 \u015firketlere b\u00f6l\u00fcnmesi ile olu\u015fan TEA\u015e ve E\u00dcA\u015e \u015firketlerinde \u00e7e\u015fitli kademelerde termik ve do\u011fal gaz santrallerinde g\u00f6rev yapt\u0131ktan sonra 2002 y\u0131l\u0131nda kurumdan ayr\u0131lan Cemal Y\u00dcCER taraf\u0131ndan kurulmu\u015ftur.<\/p>\n\n\n\n<p>Firmam\u0131z, Enka Power, Siemens, Alstom Power, Baymina Enerji, General Electric, Mitsubishi MHI, Hyosung Goodsprings Inc. firmalar\u0131na T\u00fcrkiye\u2019de ve D\u00fcnya\u2019n\u0131n de\u011fi\u015fik \u00fclkelerinde anahtar teslim montaj i\u015fleri ve elektromekanik bak\u0131m hizmetleri vermektedir.<\/p>\n\n\n\n<p>\u015eirketimiz, 2002 y\u0131l\u0131ndan bu zamana toplam kurulu g\u00fcc\u00fc 3850 MW olan ENKA Adapazar\u0131-Gebze ve \u0130zmir Do\u011fal Gaz Kombine \u00c7evrim Santralleri ile 775 MW g\u00fcc\u00fcndeki BAYM\u0130NA Ankara Do\u011fal Gaz Kombine \u00c7evrim Santrali\u2019nin bak\u0131m firmas\u0131 olarak \u00e7al\u0131\u015fmaktad\u0131r.<\/p>\n\n\n\n<p>Proterm Enerji, 2009 y\u0131l\u0131nda 570 MW Libya Zwitina Enerji Santrali, 2011 y\u0131l\u0131nda Ambarl\u0131 Fuel-Oil Santrali 570 MW 4 ve 5. \u00dcniteleri Rehabilitasyon Projesi, 2012 y\u0131l\u0131nda Denizli 775 MW Kombine \u00c7evrim Santrali Projesi\u2019ni tamamlay\u0131p, 2012 y\u0131l\u0131nda montaj\u0131na ba\u015flanan 850 MW Gebze Yeni Elektrik \u00dcretim A\u015e Santrali Do\u011fal Gaz Kombine \u00c7evrim Santrali elektro-mekanik anahtar teslimi montajlar\u0131 ve 2013 y\u0131l\u0131nda Irak West Qurna 2 Basra b\u00f6lgesinde montaj\u0131na ba\u015flanan 126 MW Lukoil Enerji Santrali birlikte toplam 2.891 MW kurulu g\u00fcc\u00fcnde enerji santrali t\u00fcrbin gruplar\u0131 ve yard\u0131mc\u0131 sistemlerinin montaj\u0131n\u0131 \u00fcstlenmi\u015f bulunmaktad\u0131r.<\/p>\n","protected":false},"excerpt":{"rendered":"Proterm Enerji, 1981-2002 y\u0131llar\u0131 aras\u0131nda T\u00fcrkiye Elektrik Kurumu\u2019nda ve daha sonra kurumun ayr\u0131 \u015firketlere b\u00f6l\u00fcnmesi ile olu\u015fan TEA\u015e ve E\u00dcA\u015e&hellip;","protected":false},"author":1,"featured_media":127,"parent":129,"menu_order":0,"comment_status":"closed","ping_status":"closed","template":"page-about.php","meta":{"_acf_changed":false,"footnotes":""},"class_list":["post-19","page","type-page","status-publish","has-post-thumbnail","hentry"],"acf":[],"_links":{"self":[{"href":"https:\/\/protermenerji.com\/index.php?rest_route=\/wp\/v2\/pages\/19","targetHints":{"allow":["GET"]}}],"collection":[{"href":"https:\/\/protermenerji.com\/index.php?rest_route=\/wp\/v2\/pages"}],"about":[{"href":"https:\/\/protermenerji.com\/index.php?rest_route=\/wp\/v2\/types\/page"}],"author":[{"embeddable":true,"href":"https:\/\/protermenerji.com\/index.php?rest_route=\/wp\/v2\/users\/1"}],"replies":[{"embeddable":true,"href":"https:\/\/protermenerji.com\/index.php?rest_route=%2Fwp%2Fv2%2Fcomments&post=19"}],"version-history":[{"count":5,"href":"https:\/\/protermenerji.com\/index.php?rest_route=\/wp\/v2\/pages\/19\/revisions"}],"predecessor-version":[{"id":142,"href":"https:\/\/protermenerji.com\/index.php?rest_route=\/wp\/v2\/pages\/19\/revisions\/142"}],"up":[{"embeddable":true,"href":"https:\/\/protermenerji.com\/index.php?rest_route=\/wp\/v2\/pages\/129"}],"wp:featuredmedia":[{"embeddable":true,"href":"https:\/\/protermenerji.com\/index.php?rest_route=\/wp\/v2\/media\/127"}],"wp:attachment":[{"href":"https:\/\/protermenerji.com\/index.php?rest_route=%2Fwp%2Fv2%2Fmedia&parent=19"}],"curies":[{"name":"wp","href":"https:\/\/api.w.org\/{rel}","templated":true}]}}